{"id":4047,"date":"2020-11-19T11:17:01","date_gmt":"2020-11-19T13:17:01","guid":{"rendered":"http:\/\/lvra.lt\/apie-mus\/"},"modified":"2021-01-12T06:56:04","modified_gmt":"2021-01-12T08:56:04","slug":"about-us","status":"publish","type":"page","link":"https:\/\/lvra.lt\/en\/about-us\/","title":{"rendered":"About us"},"content":{"rendered":"<div class=\"fusion-fullwidth fullwidth-box fusion-builder-row-1 fusion-flex-container nonhundred-percent-fullwidth non-hundred-percent-height-scrolling\" style=\"background-color: rgba(255,255,255,0);background-position: center center;background-repeat: no-repeat;border-width: 0px 0px 0px 0px;border-color:#eae9e9;border-style:solid;\" ><div class=\"fusion-builder-row fusion-row fusion-flex-align-items-flex-start\" style=\"max-width:1424.8px;margin-left: calc(-4% \/ 2 );margin-right: calc(-4% \/ 2 );\"><div class=\"fusion-layout-column fusion_builder_column fusion-builder-column-0 fusion_builder_column_1_1 1_1 fusion-flex-column\"><div class=\"fusion-column-wrapper fusion-flex-justify-content-flex-start fusion-content-layout-column\" style=\"background-position:left top;background-repeat:no-repeat;-webkit-background-size:cover;-moz-background-size:cover;-o-background-size:cover;background-size:cover;padding: 0px 0px 0px 0px;\"><style type=\"text\/css\">@media only screen and (max-width:1024px) {.fusion-title.fusion-title-1{margin-top:0px!important;margin-bottom:30px!important;}}<\/style><div class=\"fusion-title title fusion-title-1 sep-underline sep-solid fusion-title-center fusion-title-text fusion-title-size-three\" style=\"border-bottom-color:#e2e2e2;margin-top:0px;margin-bottom:30px;\"><h3 class=\"title-heading-center\" style=\"margin:0;\">About us<\/h3><\/div><div class=\"fusion-text fusion-text-1\"><p>The Lithuanian Hotel and Restaurant Association is the largest organization representing the hospitality business in Lithuania, operating for more than 25 years.<\/p>\n<p><a href=\"http:\/\/lvra.lt\/uploads\/VALDYBA%202019-2022.pdf\">List of board members of LHRA 2019-2022<\/a><\/p>\n<p>LHRA unites more than\u00a0 300 members &#8211; hotels, restaurants, entertainment companies in Vilnius, Kaunas, Trakai, Klaip\u0117da, Palanga, Neringa, Panev\u0117\u017eys, \u0160iauliai, Alytus, Marijampol\u0117, Druskininkai, Ma\u017eeikiai and other cities. Vocational training institutions, higher education institutions, and supply companies \u00a0are also members of Association.<\/p>\n<p>Some facts &amp; statistics<\/p>\n<ul>\n<li>HORECA sector is the largest job-creating sector in the world.\n<ul>\n<li>Our association members create about 13,300 jobs.<\/li>\n<li>LHRA members operate 120 hotels, guest houses, motels and represent about 6600 rooms.<\/li>\n<li>20 educational institutions are members of LHRA &#8211; schools that train specialists of various levels for hotels and restaurants.<\/li>\n<li>More than 30 supplying companies joining LHRA while providing various services and products (food, beverages, furniture, bedding, dishes, IT solutions, etc.).<\/li>\n<\/ul>\n<\/li>\n<li>LHRA \u2013member of Lithuanian Confederation of Industrialists lpk.lt<\/li>\n<li>LHRA- member of Lithuanian Chamber of Tourism turizmorumai.lt<\/li>\n<li>LHRA-member of HOTREC since 2004. HOTREC unites 40 national Associations in 25 European states. hotrec.eu<\/li>\n<li>LHRA-member of HSU since 2010. Lithuania has joined the common harmonized European hotel classification system in 2012. www.hotelstars.eu.<\/li>\n<\/ul>\n<p>With Lithuania&#8217;s accession to the European Union, the country&#8217;s economy rising and the business environment improving, both local business and foreign investment, hotel and restaurant business began to expand particularly rapidly, and many saw the perspectives to extend hospitality services \u00a0for providing these services.<\/p>\n<p>The role of a strong and unified association is very significant, therefore only a strong organization is able to unanimously protect the rights and legitimate interests of association members in government and local management institutions, to create favorable conditions for its members, to support their business activities and mutual cooperation, to ensure the exchange of relevant information, to provide all kinds of methodological assistance.<\/p>\n<p>The Association has achieved a lot and our main task remains &#8211; to create and to adjust the laws \u00a0\u00a0municipal resolutions for the benefit of its members.<\/p>\n<p>Our association sees tourism as great potential of Economy, therefore we have sought and will continue to make tourism a priority branch of the Lithuanian economy, and inbound tourism \u2013 as export services (the Law on VAT stipulates that this tax is not paid by companies exporting goods and services). According to the data of \u00a0HOTREC, as many as 24 out of 27 EU countries, including all neighboring Lithuanian countries, apply a reduced VAT rate to accommodation services. EU countries thus promote exports, tourism and job creation. LHRA strongly protects tax stability and 9% VAT rate applied to accommodation services in Lithuania.<\/p>\n<p>Many European countries also apply reduced VAT to the restaurant business. It is a sector that creates very high added value, as it both produces a good and provides a service. As a result, the European Commission has recommended a reduced VAT rate not only for hotels but also for restaurants. E.g. In France, during the economic crisis, the VAT rate for restaurants was reduced from 18.5% to 5.5%. The application of more flexible taxes and the reduction of bureaucratic burdens allow companies in the sector to maintain jobs and to create new ones, to reduce unemployment, and to increase consumption imports.<\/p>\n<p>The restaurant sector can also make a significant contribution to curbing the emigration of young people, as flexible work schedules allow students to combine work and study. In small towns, restaurants organize various events and represent the function of cultural centers. The association has prepared a study on how to justify reduced VAT on restaurant services.<\/p>\n<p>The association is active in various EU projects in promoting tourism services, training professional skills of sector\u2019s employees, enhancing cooperation between business and education, promoting apprenticeship. We participate in many international projects as well. More about the projects in which we participate http:\/\/lvra.lt\/projektai<\/p>\n<p>The Lithuanian Association of Hotels and Restaurants was a pioneer in Lithuania in organizing Lithuanian chefs, waiters, bartenders &#8216;championships, waiters&#8217; marathons, and inbound tourism business missions &#8220;Buy Lithuania&#8221;.<\/p>\n<p>Being numerous and powerful, the Lithuanian Association of Hotels and Restaurants benefits from producers and suppliers. There is a number of privileges and discounts available for our members.<\/p>\n<\/div><\/div><\/div><style type=\"text\/css\">.fusion-body .fusion-builder-column-0{width:100% !important;margin-top : 0px;margin-bottom : 20px;}.fusion-builder-column-0 > .fusion-column-wrapper {padding-top : 0px !important;padding-right : 0px !important;margin-right : 1.92%;padding-bottom : 0px !important;padding-left : 0px !important;margin-left : 1.92%;}@media only screen and (max-width:1024px) {.fusion-body .fusion-builder-column-0{width:100% !important;order : 0;}.fusion-builder-column-0 > .fusion-column-wrapper {margin-right : 1.92%;margin-left : 1.92%;}}@media only screen and (max-width:640px) {.fusion-body .fusion-builder-column-0{width:100% !important;order : 0;}.fusion-builder-column-0 > .fusion-column-wrapper {margin-right : 1.92%;margin-left : 1.92%;}}<\/style><\/div><style type=\"text\/css\">.fusion-body .fusion-flex-container.fusion-builder-row-1{ padding-top : 0px;margin-top : 0px;padding-right : 0px;padding-bottom : 0px;margin-bottom : 0px;padding-left : 0px;}<\/style><\/div>\n","protected":false},"excerpt":{"rendered":"","protected":false},"author":2,"featured_media":0,"parent":0,"menu_order":0,"comment_status":"closed","ping_status":"closed","template":"","meta":{"footnotes":""},"yoast_head":"<!-- This site is optimized with the Yoast SEO plugin v23.5 - https:\/\/yoast.com\/wordpress\/plugins\/seo\/ -->\n<title>About us - LVRA.LT<\/title>\n<meta name=\"description\" content=\"Lithuanian Hotels and Restaurants Association is a union of National Hotels and Restaurants Association and Lithuanian Hotels and Restaurants Association.\" \/>\n<meta name=\"robots\" content=\"index, follow, max-snippet:-1, max-image-preview:large, max-video-preview:-1\" \/>\n<link rel=\"canonical\" href=\"https:\/\/lvra.lt\/en\/about-us\/\" \/>\n<meta property=\"og:locale\" content=\"en_US\" \/>\n<meta property=\"og:type\" content=\"article\" \/>\n<meta property=\"og:title\" content=\"About us - LVRA.LT\" \/>\n<meta property=\"og:description\" content=\"Lithuanian Hotels and Restaurants Association is a union of National Hotels and Restaurants Association and Lithuanian Hotels and Restaurants Association.\" \/>\n<meta property=\"og:url\" content=\"https:\/\/lvra.lt\/en\/about-us\/\" \/>\n<meta property=\"og:site_name\" content=\"LVRA.LT\" \/>\n<meta property=\"article:modified_time\" content=\"2021-01-12T08:56:04+00:00\" \/>\n<meta name=\"twitter:card\" content=\"summary_large_image\" \/>\n<meta name=\"twitter:label1\" content=\"Est. reading time\" \/>\n\t<meta name=\"twitter:data1\" content=\"7 minutes\" \/>\n<script type=\"application\/ld+json\" class=\"yoast-schema-graph\">{\"@context\":\"https:\/\/schema.org\",\"@graph\":[{\"@type\":\"WebPage\",\"@id\":\"https:\/\/lvra.lt\/en\/about-us\/\",\"url\":\"https:\/\/lvra.lt\/en\/about-us\/\",\"name\":\"About us - LVRA.LT\",\"isPartOf\":{\"@id\":\"https:\/\/lvra.lt\/#website\"},\"datePublished\":\"2020-11-19T13:17:01+00:00\",\"dateModified\":\"2021-01-12T08:56:04+00:00\",\"description\":\"Lithuanian Hotels and Restaurants Association is a union of National Hotels and Restaurants Association and Lithuanian Hotels and Restaurants Association.\",\"breadcrumb\":{\"@id\":\"https:\/\/lvra.lt\/en\/about-us\/#breadcrumb\"},\"inLanguage\":\"en-US\",\"potentialAction\":[{\"@type\":\"ReadAction\",\"target\":[\"https:\/\/lvra.lt\/en\/about-us\/\"]}]},{\"@type\":\"BreadcrumbList\",\"@id\":\"https:\/\/lvra.lt\/en\/about-us\/#breadcrumb\",\"itemListElement\":[{\"@type\":\"ListItem\",\"position\":1,\"name\":\"Home\",\"item\":\"https:\/\/lvra.lt\/en\/\"},{\"@type\":\"ListItem\",\"position\":2,\"name\":\"About us\"}]},{\"@type\":\"WebSite\",\"@id\":\"https:\/\/lvra.lt\/#website\",\"url\":\"https:\/\/lvra.lt\/\",\"name\":\"LVRA.LT\",\"description\":\"Lietuvos vie\u0161bu\u010di\u0173 ir restoran\u0173 asociacija\",\"potentialAction\":[{\"@type\":\"SearchAction\",\"target\":{\"@type\":\"EntryPoint\",\"urlTemplate\":\"https:\/\/lvra.lt\/?s={search_term_string}\"},\"query-input\":{\"@type\":\"PropertyValueSpecification\",\"valueRequired\":true,\"valueName\":\"search_term_string\"}}],\"inLanguage\":\"en-US\"}]}<\/script>\n<!-- \/ Yoast SEO plugin. -->","yoast_head_json":{"title":"About us - LVRA.LT","description":"Lithuanian Hotels and Restaurants Association is a union of National Hotels and Restaurants Association and Lithuanian Hotels and Restaurants Association.","robots":{"index":"index","follow":"follow","max-snippet":"max-snippet:-1","max-image-preview":"max-image-preview:large","max-video-preview":"max-video-preview:-1"},"canonical":"https:\/\/lvra.lt\/en\/about-us\/","og_locale":"en_US","og_type":"article","og_title":"About us - LVRA.LT","og_description":"Lithuanian Hotels and Restaurants Association is a union of National Hotels and Restaurants Association and Lithuanian Hotels and Restaurants Association.","og_url":"https:\/\/lvra.lt\/en\/about-us\/","og_site_name":"LVRA.LT","article_modified_time":"2021-01-12T08:56:04+00:00","twitter_card":"summary_large_image","twitter_misc":{"Est. reading time":"7 minutes"},"schema":{"@context":"https:\/\/schema.org","@graph":[{"@type":"WebPage","@id":"https:\/\/lvra.lt\/en\/about-us\/","url":"https:\/\/lvra.lt\/en\/about-us\/","name":"About us - LVRA.LT","isPartOf":{"@id":"https:\/\/lvra.lt\/#website"},"datePublished":"2020-11-19T13:17:01+00:00","dateModified":"2021-01-12T08:56:04+00:00","description":"Lithuanian Hotels and Restaurants Association is a union of National Hotels and Restaurants Association and Lithuanian Hotels and Restaurants Association.","breadcrumb":{"@id":"https:\/\/lvra.lt\/en\/about-us\/#breadcrumb"},"inLanguage":"en-US","potentialAction":[{"@type":"ReadAction","target":["https:\/\/lvra.lt\/en\/about-us\/"]}]},{"@type":"BreadcrumbList","@id":"https:\/\/lvra.lt\/en\/about-us\/#breadcrumb","itemListElement":[{"@type":"ListItem","position":1,"name":"Home","item":"https:\/\/lvra.lt\/en\/"},{"@type":"ListItem","position":2,"name":"About us"}]},{"@type":"WebSite","@id":"https:\/\/lvra.lt\/#website","url":"https:\/\/lvra.lt\/","name":"LVRA.LT","description":"Lietuvos vie\u0161bu\u010di\u0173 ir restoran\u0173 asociacija","potentialAction":[{"@type":"SearchAction","target":{"@type":"EntryPoint","urlTemplate":"https:\/\/lvra.lt\/?s={search_term_string}"},"query-input":{"@type":"PropertyValueSpecification","valueRequired":true,"valueName":"search_term_string"}}],"inLanguage":"en-US"}]}},"_links":{"self":[{"href":"https:\/\/lvra.lt\/en\/wp-json\/wp\/v2\/pages\/4047"}],"collection":[{"href":"https:\/\/lvra.lt\/en\/wp-json\/wp\/v2\/pages"}],"about":[{"href":"https:\/\/lvra.lt\/en\/wp-json\/wp\/v2\/types\/page"}],"author":[{"embeddable":true,"href":"https:\/\/lvra.lt\/en\/wp-json\/wp\/v2\/users\/2"}],"replies":[{"embeddable":true,"href":"https:\/\/lvra.lt\/en\/wp-json\/wp\/v2\/comments?post=4047"}],"version-history":[{"count":7,"href":"https:\/\/lvra.lt\/en\/wp-json\/wp\/v2\/pages\/4047\/revisions"}],"predecessor-version":[{"id":4060,"href":"https:\/\/lvra.lt\/en\/wp-json\/wp\/v2\/pages\/4047\/revisions\/4060"}],"wp:attachment":[{"href":"https:\/\/lvra.lt\/en\/wp-json\/wp\/v2\/media?parent=4047"}],"curies":[{"name":"wp","href":"https:\/\/api.w.org\/{rel}","templated":true}]}}